{"id":17,"date":"2025-05-15T16:34:21","date_gmt":"2025-05-15T13:34:21","guid":{"rendered":"https:\/\/app-afropari.com\/fr\/?page_id=17"},"modified":"2025-05-15T18:25:02","modified_gmt":"2025-05-15T15:25:02","slug":"lapplication-mobile-afropari-pour-android-et-ios","status":"publish","type":"page","link":"https:\/\/app-afropari.com\/fr\/","title":{"rendered":"L&#8217;application mobile Afropari pour Android et iOS"},"content":{"rendered":"<div class=\"entry\">\n<p>De nombreuses personnes utilisent des smartphones et des tablettes. Il est plus pratique d&#8217;utiliser des applications mobiles, de regarder des vid\u00e9os, d&#8217;\u00e9couter de la musique et de placer des paris sans VPN. Dans ce dernier cas, Afropari &#8212; un bookmaker avec des milliers de parieurs du monde entier &#8212; vous aidera. L&#8217;application correspondante est disponible pour deux plateformes : Android (un grand nombre d&#8217;appareils) et iOS (limit\u00e9 \u00e0 la gamme iPhone).<\/p>\n<p>Afropari App est disponible \u00e0 la fois en ligne et par la m\u00e9thode de t\u00e9l\u00e9chargement du fichier APK. Dans le cas d&#8217;iOS, il n&#8217;est pas n\u00e9cessaire de se tourner vers l&#8217;AppStore : ici, le navigateur Safari et la connexion \u00e0 l&#8217;application seront utiles. Il vous suffit ensuite d&#8217;appuyer sur le bouton \u00ab Partager \u00bb : l&#8217;ic\u00f4ne du bookmaker appara\u00eetra dans le menu de d\u00e9marrage de votre smartphone.<\/p>\n<div class=\"has-text-align-center\">\n<div class=\"wp-block-buttons\">\n<div class=\"wp-block-button is-style-fill\" style=\"text-align: center;\"><button style=\"background: none;\" formaction=\"href=\" data-background-color=\"#F22775\" data-color=\"white\" data-turbo=\"false\" data-primary=\"true\"><a class=\"wp-block-button__link has-text-color has-background rds_hl_nofollow\" style=\"background-color: #79a430; color: #ffffff; border-radius: 10px;\" href=\"https:\/\/app-afropari.com\/apk\" target=\"_blank\" rel=\"nofollow noopener\"><span style=\"vertical-align: inherit;\"><span style=\"vertical-align: inherit;\">T\u00e9l\u00e9charger l&#8217;application AfroPari<\/span><\/span><\/a><\/button><\/div>\n<\/div>\n<\/div>\n<h2>Comment t\u00e9l\u00e9charger l&#8217;application Afropari<img loading=\"lazy\" decoding=\"async\" class=\"alignnone size-full wp-image-28\" src=\"https:\/\/app-afropari.com\/fr\/wp-content\/uploads\/sites\/2\/2025\/05\/Application-Android.png\" alt=\"T\u00e9l\u00e9charger l'application Android\" width=\"1375\" height=\"712\" srcset=\"https:\/\/app-afropari.com\/fr\/wp-content\/uploads\/sites\/2\/2025\/05\/Application-Android.png 1375w, https:\/\/app-afropari.com\/fr\/wp-content\/uploads\/sites\/2\/2025\/05\/Application-Android-300x155.png 300w, https:\/\/app-afropari.com\/fr\/wp-content\/uploads\/sites\/2\/2025\/05\/Application-Android-1024x530.png 1024w, https:\/\/app-afropari.com\/fr\/wp-content\/uploads\/sites\/2\/2025\/05\/Application-Android-768x398.png 768w\" sizes=\"auto, (max-width: 1375px) 100vw, 1375px\" \/><\/h2>\n<p>Avant d&#8217;effectuer cette \u00e9tape, l&#8217;appareil doit autoriser le t\u00e9l\u00e9chargement de fichiers provenant de sources inconnues. Pour ce faire, il faut aller dans le menu \u00ab Param\u00e8tres \u00bb &#8212; \u201cS\u00e9curit\u00e9\u201d (\u00ab Confidentialit\u00e9 \u00bb selon le mod\u00e8le de smartphone), puis s\u00e9lectionner la fonction du m\u00eame nom dans le menu. Cela permettra \u00e0 l&#8217;utilisateur de t\u00e9l\u00e9charger l&#8217;application Afropari pour Android.<\/p>\n<p>La suite du processus se d\u00e9roule comme suit :<\/p>\n<ul>\n<li style=\"font-weight: 400;\" aria-level=\"1\">Ouvrez le navigateur install\u00e9 sur votre t\u00e9l\u00e9phone.<\/li>\n<li style=\"font-weight: 400;\" aria-level=\"1\">Allez sur le site officiel (afropari.com) &#8212; cette adresse peut \u00eatre tap\u00e9e en cliquant sur la ligne sup\u00e9rieure.<\/li>\n<li style=\"font-weight: 400;\" aria-level=\"1\">Parcourez la page d&#8217;accueil jusqu&#8217;\u00e0 la section contenant l&#8217;application Afropari.<\/li>\n<li style=\"font-weight: 400;\" aria-level=\"1\">Trouvez le lien de t\u00e9l\u00e9chargement &#8212; il devrait y avoir un bouton \u00ab T\u00e9l\u00e9charger \u00bb \u00e0 c\u00f4t\u00e9.<\/li>\n<li style=\"font-weight: 400;\" aria-level=\"1\">Cliquez dessus, puis attendez la fin du t\u00e9l\u00e9chargement du fichier.<\/li>\n<li style=\"font-weight: 400;\" aria-level=\"1\">Allez dans le dossier \u00ab T\u00e9l\u00e9chargements \u00bb, puis cliquez sur Afropari.<\/li>\n<li style=\"font-weight: 400;\" aria-level=\"1\">Confirmez les autorisations affich\u00e9es et d\u00e9marrez l&#8217;installation.<\/li>\n<\/ul>\n<h3>Caract\u00e9ristiques de l&#8217;application Afropari pour Android<\/h3>\n<p>Des millions d&#8217;utilisateurs b\u00e9n\u00e9ficient de ces avantages :<\/p>\n<ol>\n<li style=\"font-weight: 400;\" aria-level=\"1\">Faible configuration requise. La version mobile du bookmaker africain a tout ce qu&#8217;il faut pour fonctionner parfaitement. Il est possible de parier \u00e0 partir du t\u00e9l\u00e9phone sur les anciens et les nouveaux mod\u00e8les de smartphones (\u00e0 partir d&#8217;Android 5).<\/li>\n<li style=\"font-weight: 400;\" aria-level=\"1\">Des centaines d&#8217;offres de sports et de casinos classiques. Plus de 60 types de paris sportifs (y compris des \u00e9v\u00e9nements \u00ab rares \u00bb comme la crosse, le polo et le billard). Le jeu r\u00e9el peut \u00eatre remplac\u00e9 par le jeu virtuel &#8212; des mises \u00e0 jour en temps r\u00e9el sont disponibles pour les deux cat\u00e9gories.<\/li>\n<li style=\"font-weight: 400;\" aria-level=\"1\">Personnalisation rapide de l&#8217;application en fonction de vos besoins. Les d\u00e9veloppeurs ont pr\u00e9vu des dizaines d&#8217;options pour personnaliser l&#8217;interface, effectuer des transactions s\u00e9curis\u00e9es (crypto-monnaies, fonds bancaires, portefeuilles \u00e9lectroniques).<\/li>\n<li style=\"font-weight: 400;\" aria-level=\"1\">Notifications push. Elles sont d\u00e9clench\u00e9es au moment o\u00f9 les \u00e9quipes des joueurs marquent des buts ou gagnent des points. Gr\u00e2ce \u00e0 elles, le parieur ne manquera pas d&#8217;informations importantes et pourra ajuster son pari.<\/li>\n<\/ol>\n<h3>T\u00e9l\u00e9charger l&#8217;application Afropari (derni\u00e8re version)<\/h3>\n<p>De nombreux programmes sont r\u00e9guli\u00e8rement mis \u00e0 jour. La m\u00eame tendance est suivie avec l&#8217;application Afropari sur les t\u00e9l\u00e9phones. Des mises \u00e0 jour \u00ab fra\u00eeches \u00bb sont toujours disponibles sur le site web. Les instructions pour les t\u00e9l\u00e9charger sont les m\u00eames. P\u00e9riodiquement, le bureau introduit de nouvelles fonctionnalit\u00e9s, \u00e9largit le catalogue de paris sportifs et am\u00e9liore le service. Les nouveaux fichiers APK d&#8217;Afropari sont t\u00e9l\u00e9charg\u00e9s gratuitement sur les appareils.<\/p>\n<h3>T\u00e9l\u00e9charger l&#8217;application Afropari (ancienne version)<\/h3>\n<p>Pour les smartphones plus anciens, la tendance est inverse. Chaque mois, les fonctionnalit\u00e9s du bookmaker augmentent, mais pour les versions d&#8217;Android ant\u00e9rieures \u00e0 \u00ab seven \u00bb, il n&#8217;y a pas assez de puissance pour y faire face. Dans ce cas, la solution suivante est appropri\u00e9e : se tourner vers la boutique Google Play &#8212; vous pouvez y trouver les it\u00e9rations pr\u00e9c\u00e9dentes du programme via Changelog.<\/p>\n<div class=\"has-text-align-center\">\n<div class=\"wp-block-buttons\">\n<div class=\"wp-block-button is-style-fill\" style=\"text-align: center;\"><button style=\"background: none;\" formaction=\"href=\" data-background-color=\"#F22775\" data-color=\"white\" data-turbo=\"false\" data-primary=\"true\"><a class=\"wp-block-button__link has-text-color has-background rds_hl_nofollow\" style=\"background-color: #79a430; color: #ffffff; border-radius: 10px;\" href=\"https:\/\/app-afropari.com\/apk\" target=\"_blank\" rel=\"nofollow noopener\"><span style=\"vertical-align: inherit;\"><span style=\"vertical-align: inherit;\">T\u00e9l\u00e9charger l&#8217;application AfroPari<\/span><\/span><\/a><\/button><\/div>\n<\/div>\n<\/div>\n<h2>Comment t\u00e9l\u00e9charger l&#8217;application Afropari pour iOS ?<\/h2>\n<p>En 2025, Afropari sur iOS n&#8217;a pas encore \u00e9t\u00e9 officiellement d\u00e9velopp\u00e9. Les d\u00e9veloppeurs tentent d&#8217;am\u00e9liorer l&#8217;utilisation de la version Android avant d&#8217;introduire des fonctionnalit\u00e9s pour les appareils iPhone. Le site web de l&#8217;office a fait l&#8217;objet d&#8217;une optimisation pour le mat\u00e9riel \u00ab apple \u00bb. Il est impossible d&#8217;obtenir directement la version mobile du bookmaker : vous aurez besoin du navigateur Safari.<\/p>\n<h3>Proc\u00e9dure de t\u00e9l\u00e9chargement<\/h3>\n<p>L&#8217;utilisateur doit:<\/p>\n<ol>\n<li style=\"font-weight: 400;\" aria-level=\"1\">Tapez l&#8217;adresse dans la ligne sup\u00e9rieure de votre navigateur Safari.<\/li>\n<li style=\"font-weight: 400;\" aria-level=\"1\">Acc\u00e9dez \u00e0 la page d&#8217;accueil.<\/li>\n<li style=\"font-weight: 400;\" aria-level=\"1\">Appuyez sur le bouton \u00ab Partager \u00bb &#8212; il appara\u00eet sous la forme d&#8217;une fl\u00e8che pointant vers le haut en bas de l&#8217;\u00e9cran.<\/li>\n<li style=\"font-weight: 400;\" aria-level=\"1\">S\u00e9lectionnez l&#8217;option \u00ab Ajouter \u00e0 l&#8217;\u00e9cran d&#8217;accueil \u00bb.<\/li>\n<\/ol>\n<p>Si tout est fait correctement, l&#8217;ic\u00f4ne de l&#8217;application appara\u00eetra \u00e0 cet endroit. Ensuite, Afropari fonctionnera de la m\u00eame mani\u00e8re que la version Android.<\/p>\n<p>&nbsp;<\/p>\n<p><img loading=\"lazy\" decoding=\"async\" class=\"alignnone size-full wp-image-30\" src=\"https:\/\/app-afropari.com\/fr\/wp-content\/uploads\/sites\/2\/2025\/05\/Afro-pari-telecharger.png\" alt=\"Afro pari t\u00e9l\u00e9charger\" width=\"952\" height=\"646\" srcset=\"https:\/\/app-afropari.com\/fr\/wp-content\/uploads\/sites\/2\/2025\/05\/Afro-pari-telecharger.png 952w, https:\/\/app-afropari.com\/fr\/wp-content\/uploads\/sites\/2\/2025\/05\/Afro-pari-telecharger-300x204.png 300w, https:\/\/app-afropari.com\/fr\/wp-content\/uploads\/sites\/2\/2025\/05\/Afro-pari-telecharger-768x521.png 768w\" sizes=\"auto, (max-width: 952px) 100vw, 952px\" \/><\/p>\n<h2>Avantages du bookmaker mobile Afropari<\/h2>\n<p>Le site web de la plateforme africaine regorge de dizaines de fonctionnalit\u00e9s et de centaines d&#8217;options de divertissement (paris sportifs, comp\u00e9titions virtuelles, jeux de casino). Des variantes portables \u00ab compressent \u00bb tout ce contenu pour les utilisateurs de t\u00e9l\u00e9phones. Elles sont optimis\u00e9es et r\u00e9guli\u00e8rement mises \u00e0 jour en m\u00eame temps que le site. Les utilisateurs d&#8217;Afropari peuvent b\u00e9n\u00e9ficier de ces avantages :<\/p>\n<ul>\n<li style=\"font-weight: 400;\" aria-level=\"1\">T\u00e9l\u00e9chargement gratuit et installation facile (pas besoin d&#8217;aller sur Google Play et App Store).<\/li>\n<li style=\"font-weight: 400;\" aria-level=\"1\">Mises \u00e0 jour permanentes incluant de nouvelles fonctionnalit\u00e9s.<\/li>\n<li style=\"font-weight: 400;\" aria-level=\"1\">Navigation simplifi\u00e9e &#8212; elle n&#8217;est pas affect\u00e9e par la vitesse de votre connexion internet.<\/li>\n<li style=\"font-weight: 400;\" aria-level=\"1\">Un large \u00e9ventail d&#8217;options en termes d&#8217;enjeux et de types de divertissements.<\/li>\n<li style=\"font-weight: 400;\" aria-level=\"1\">Les \u00e9v\u00e9nements se d\u00e9roulent en direct dans toutes les disciplines.<\/li>\n<li style=\"font-weight: 400;\" aria-level=\"1\">S\u00e9curit\u00e9 de l&#8217;utilisation du compte, combin\u00e9e \u00e0 la rapidit\u00e9 des d\u00e9p\u00f4ts et des paiements.<\/li>\n<\/ul>\n<h2>Afropar pour les anciens smartphones<\/h2>\n<p>Tout le monde n&#8217;a pas l&#8217;habitude d&#8217;utiliser les mod\u00e8les \u00ab avanc\u00e9s \u00bb des ann\u00e9es 2020. Des milliers d&#8217;utilisateurs restent fid\u00e8les aux classiques. Certains sont effray\u00e9s par les nouvelles fonctionnalit\u00e9s, d&#8217;autres tombent sur des versions b\u00eata qui ont des rat\u00e9s et des freins.<\/p>\n<p>Afropari sur les t\u00e9l\u00e9phones ant\u00e9rieurs \u00e0 l&#8217;ann\u00e9e de sortie 2019 conserve l&#8217;optimisation. Les utilisateurs dont le syst\u00e8me d&#8217;exploitation n&#8217;est pas ant\u00e9rieur \u00e0 Android 5 b\u00e9n\u00e9ficient d&#8217;un fonctionnement stable et d&#8217;une connexion ininterrompue. Dans le m\u00eame temps, un certain nombre de fonctionnalit\u00e9s sont limit\u00e9es par rapport aux appareils \u00ab avanc\u00e9s \u00bb.<\/p>\n<h2>T\u00e9l\u00e9charger l&#8217;application Afropari pour PC<\/h2>\n<p>Ce n&#8217;est pas n\u00e9cessaire : Afropari fonctionne directement \u00e0 partir de votre navigateur. D\u00e9p\u00f4ts, paris, paiements, visualisation d&#8217;\u00e9v\u00e9nements en direct &#8212; ces fonctions et d&#8217;autres sont \u00ab cousues \u00bb sur le site.<\/p>\n<p>Il est impossible de t\u00e9l\u00e9charger directement un programme informatique, mais pour les utilisateurs exp\u00e9riment\u00e9s, il existe une \u00ab astuce \u00bb. Les \u00e9mulateurs Android et iOS viennent \u00e0 la rescousse : il s&#8217;agit d&#8217;applications sp\u00e9ciales qui simulent les smartphones. Parmi ces programmes, on peut citer BlueStacks, Nox Player, iPadian, LDPlayer. Apr\u00e8s les avoir install\u00e9s, vous pouvez t\u00e9l\u00e9charger les applications Afropari sur PC, qui seront disponibles dans l&#8217;\u00e9mulateur mobile.<\/p>\n<div class=\"has-text-align-center\">\n<div class=\"wp-block-buttons\">\n<div class=\"wp-block-button is-style-fill\" style=\"text-align: center;\"><button style=\"background: none;\" formaction=\"href=\" data-background-color=\"#F22775\" data-color=\"white\" data-turbo=\"false\" data-primary=\"true\"><a class=\"wp-block-button__link has-text-color has-background rds_hl_nofollow\" style=\"background-color: #79a430; color: #ffffff; border-radius: 10px;\" href=\"https:\/\/app-afropari.com\/apk\" target=\"_blank\" rel=\"nofollow noopener\"><span style=\"vertical-align: inherit;\"><span style=\"vertical-align: inherit;\">T\u00e9l\u00e9charger l&#8217;application AfroPari<\/span><\/span><\/a><\/button><\/div>\n<\/div>\n<\/div>\n<h2>\u00a0Connexion \u00e0 l&#8217;application Afropari<\/h2>\n<p>Selon les r\u00e8gles d&#8217;utilisation du bookmaker mobile, cette \u00e9tape est obligatoire pour pr\u00e9server la vie priv\u00e9e des utilisateurs et la l\u00e9galit\u00e9 des paris. Seuls les joueurs et parieurs enregistr\u00e9s b\u00e9n\u00e9ficient de tous les avantages d&#8217;Afropari \u00ab dans la poche \u00bb.<\/p>\n<p>L&#8217;entr\u00e9e dans l&#8217;application se fait de cette mani\u00e8re :<\/p>\n<ul>\n<li style=\"font-weight: 400;\" aria-level=\"1\">Allez sur le site officiel de l&#8217;office.<\/li>\n<li style=\"font-weight: 400;\" aria-level=\"1\">Cliquez sur le bouton \u00ab Inscription \u00bb en haut de l&#8217;\u00e9cran.<\/li>\n<li style=\"font-weight: 400;\" aria-level=\"1\">Remplissez les champs obligatoires du formulaire affich\u00e9 &#8212; num\u00e9ro de t\u00e9l\u00e9phone, adresse \u00e9lectronique, mot de passe, devise pr\u00e9f\u00e9r\u00e9e (fonds bancaires ou crypto-monnaie).<\/li>\n<li style=\"font-weight: 400;\" aria-level=\"1\">Obtenez un code de confirmation et remplissez-le dans le champ.<\/li>\n<\/ul>\n<p>Lors d&#8217;une nouvelle connexion (\u00ab Login \u00bb), il suffit de cocher les contacts sp\u00e9cifi\u00e9s pr\u00e9c\u00e9demment. Le syst\u00e8me Afropari se souvient des utilisateurs et leur donne acc\u00e8s s&#8217;ils sont correctement saisis (la fonction d&#8217;auto-remplissage r\u00e9sout le probl\u00e8me).<\/p>\n<\/div>\n","protected":false},"excerpt":{"rendered":"<p>De nombreuses personnes utilisent des smartphones et des tablettes. Il est plus pratique d&#8217;utiliser des applications mobiles, de regarder des vid\u00e9os, d&#8217;\u00e9couter de la musique et de placer des paris sans VPN. Dans ce dernier cas, Afropari &#8212; un bookmaker avec des milliers de parieurs du monde entier &#8212; vous aidera. L&#8217;application correspondante est disponible &#8230;<\/p>\n","protected":false},"author":1,"featured_media":0,"parent":0,"menu_order":0,"comment_status":"closed","ping_status":"closed","template":"","meta":{"footnotes":""},"class_list":["post-17","page","type-page","status-publish"],"aioseo_notices":[],"_links":{"self":[{"href":"https:\/\/app-afropari.com\/fr\/wp-json\/wp\/v2\/pages\/17","targetHints":{"allow":["GET"]}}],"collection":[{"href":"https:\/\/app-afropari.com\/fr\/wp-json\/wp\/v2\/pages"}],"about":[{"href":"https:\/\/app-afropari.com\/fr\/wp-json\/wp\/v2\/types\/page"}],"author":[{"embeddable":true,"href":"https:\/\/app-afropari.com\/fr\/wp-json\/wp\/v2\/users\/1"}],"replies":[{"embeddable":true,"href":"https:\/\/app-afropari.com\/fr\/wp-json\/wp\/v2\/comments?post=17"}],"version-history":[{"count":10,"href":"https:\/\/app-afropari.com\/fr\/wp-json\/wp\/v2\/pages\/17\/revisions"}],"predecessor-version":[{"id":31,"href":"https:\/\/app-afropari.com\/fr\/wp-json\/wp\/v2\/pages\/17\/revisions\/31"}],"wp:attachment":[{"href":"https:\/\/app-afropari.com\/fr\/wp-json\/wp\/v2\/media?parent=17"}],"curies":[{"name":"wp","href":"https:\/\/api.w.org\/{rel}","templated":true}]}}